{"id":567,"date":"2017-06-29T15:28:22","date_gmt":"2017-06-29T15:28:22","guid":{"rendered":"http:\/\/www.portugueseappeal.com\/?page_id=567"},"modified":"2022-08-27T13:08:38","modified_gmt":"2022-08-27T13:08:38","slug":"vice-chairman","status":"publish","type":"page","link":"https:\/\/portugueseappeal.com\/en\/vice-chairman\/","title":{"rendered":"Vice-Chairman"},"content":{"rendered":"\t\t<div data-elementor-type=\"wp-page\" data-elementor-id=\"567\" class=\"elementor elementor-567\">\n\t\t\t\t\t\t<section class=\"elementor-section elementor-top-section elementor-element elementor-element-57c143d elementor-section-boxed elementor-section-height-default elementor-section-height-default\" data-id=\"57c143d\" data-element_type=\"section\" data-e-type=\"section\">\n\t\t\t\t\t\t<div class=\"elementor-container elementor-column-gap-default\">\n\t\t\t\t\t<div class=\"elementor-column elementor-col-100 elementor-top-column elementor-element elementor-element-eca11f8\" data-id=\"eca11f8\" data-element_type=\"column\" data-e-type=\"column\">\n\t\t\t<div class=\"elementor-widget-wrap elementor-element-populated\">\n\t\t\t\t\t\t<div class=\"elementor-element elementor-element-8794c5d elementor-widget elementor-widget-heading\" data-id=\"8794c5d\" data-element_type=\"widget\" data-e-type=\"widget\" data-widget_type=\"heading.default\">\n\t\t\t\t<div class=\"elementor-widget-container\">\n\t\t\t\t\t<h1 class=\"elementor-heading-title elementor-size-default\">Vice-Chairman<\/h1>\t\t\t\t<\/div>\n\t\t\t\t<\/div>\n\t\t\t\t\t<\/div>\n\t\t<\/div>\n\t\t\t\t\t<\/div>\n\t\t<\/section>\n\t\t\t\t<section class=\"elementor-section elementor-top-section elementor-element elementor-element-d4f9f27 elementor-section-boxed elementor-section-height-default elementor-section-height-default\" data-id=\"d4f9f27\" data-element_type=\"section\" data-e-type=\"section\">\n\t\t\t\t\t\t<div class=\"elementor-container elementor-column-gap-default\">\n\t\t\t\t\t<div class=\"elementor-column elementor-col-33 elementor-top-column elementor-element elementor-element-facc2b5\" data-id=\"facc2b5\" data-element_type=\"column\" data-e-type=\"column\">\n\t\t\t<div class=\"elementor-widget-wrap elementor-element-populated\">\n\t\t\t\t\t\t<div class=\"elementor-element elementor-element-a5431f3 elementor-widget elementor-widget-image\" data-id=\"a5431f3\" data-element_type=\"widget\" data-e-type=\"widget\" data-widget_type=\"image.default\">\n\t\t\t\t<div class=\"elementor-widget-container\">\n\t\t\t\t\t\t\t\t\t\t\t\t\t\t\t<img fetchpriority=\"high\" decoding=\"async\" width=\"350\" height=\"467\" src=\"https:\/\/portugueseappeal.com\/wp-content\/uploads\/2017\/06\/pca-vice-president-francisco-de-mendia.jpg\" class=\"attachment-full size-full wp-image-569\" alt=\"The Portuguese Appeal seeks to raise funds to erect a life size statue of King Manuel II, as well as renovate the Church of St James\u2019s in Twickenham as a new spiritual centre for the Portuguese in London\" srcset=\"https:\/\/portugueseappeal.com\/wp-content\/uploads\/2017\/06\/pca-vice-president-francisco-de-mendia.jpg 350w, https:\/\/portugueseappeal.com\/wp-content\/uploads\/2017\/06\/pca-vice-president-francisco-de-mendia-109x146.jpg 109w, https:\/\/portugueseappeal.com\/wp-content\/uploads\/2017\/06\/pca-vice-president-francisco-de-mendia-37x50.jpg 37w, https:\/\/portugueseappeal.com\/wp-content\/uploads\/2017\/06\/pca-vice-president-francisco-de-mendia-56x75.jpg 56w\" sizes=\"(max-width: 350px) 100vw, 350px\" title=\"\">\t\t\t\t\t\t\t\t\t\t\t\t\t\t\t<\/div>\n\t\t\t\t<\/div>\n\t\t\t\t\t<\/div>\n\t\t<\/div>\n\t\t\t\t<div class=\"elementor-column elementor-col-66 elementor-top-column elementor-element elementor-element-a9add90\" data-id=\"a9add90\" data-element_type=\"column\" data-e-type=\"column\">\n\t\t\t<div class=\"elementor-widget-wrap elementor-element-populated\">\n\t\t\t\t\t\t<div class=\"elementor-element elementor-element-38dd2bf4 elementor-widget elementor-widget-text-editor\" data-id=\"38dd2bf4\" data-element_type=\"widget\" data-e-type=\"widget\" data-widget_type=\"text-editor.default\">\n\t\t\t\t<div class=\"elementor-widget-container\">\n\t\t\t\t\t\t\t\t\t<p><b>Francisco de Mendia, Vice-Chairman of the Portuguese Centenary Appeal,<\/b><\/p><p>Francisco de Mendia was appointed Vice-Chairman of the Portuguese Centenary Appeal in 2017. Together with the Chairman he runs the daily activities of the Centenary Appeal in Portugal and United Kingdom. Its main activity is the launch of the Centenary Appeal in Portugal. In addition to the liaising with the UK, he will support the fundraising programme as well as the coordination of the promotion programme for the Appeal.<\/p><p>With a degree in Economics from the Universidade Aut\u00f3noma de Lisboa, Francisco de Mendia is a consultant and has accumulated a large experience in communication and financial management over the last years. He is a member of the board of CV&amp;A Consultancy and also a member from the advisory board of Associa\u00e7\u00e3o Lisbonense de Propriet\u00e1rios. He was adviser to the Minister of Education of the XVI Constitutional Government, shareholder-founder and director of Ag\u00eancia Financeira (currently owned by the Media Capital group), and also worked at Banco Finantia. He began his career as a journalist, where he worked for the newspapers Seman\u00e1rio and Di\u00e1rio Econ\u00f3mico.<\/p><p>He is also a consultant and member of the Private Council of HRH The Duke of Braganza and Provedor of the Royal Brotherhood of Santa Cruz e Passos da Gra\u00e7a.<\/p>\t\t\t\t\t\t\t\t<\/div>\n\t\t\t\t<\/div>\n\t\t\t\t\t<\/div>\n\t\t<\/div>\n\t\t\t\t\t<\/div>\n\t\t<\/section>\n\t\t\t\t<section class=\"elementor-section elementor-top-section elementor-element elementor-element-3741cdcd elementor-section-boxed elementor-section-height-default elementor-section-height-default\" data-id=\"3741cdcd\" data-element_type=\"section\" data-e-type=\"section\">\n\t\t\t\t\t\t<div class=\"elementor-container elementor-column-gap-default\">\n\t\t\t\t\t<div class=\"elementor-column elementor-col-100 elementor-top-column elementor-element elementor-element-59970c40\" data-id=\"59970c40\" data-element_type=\"column\" data-e-type=\"column\">\n\t\t\t<div class=\"elementor-widget-wrap\">\n\t\t\t\t\t\t\t<\/div>\n\t\t<\/div>\n\t\t\t\t\t<\/div>\n\t\t<\/section>\n\t\t\t\t<\/div>\n\t\t","protected":false},"excerpt":{"rendered":"<p>Vice-Chairman Francisco de Mendia, Vice-Chairman of the Portuguese Centenary Appeal, Francisco de Mendia was appointed Vice-Chairman of the Portuguese Centenary Appeal in 2017. Together with the Chairman he runs the daily activities of the Centenary Appeal in Portugal and United Kingdom. Its main activity is the launch of the Centenary Appeal in Portugal. In addition [&hellip;]<\/p>\n","protected":false},"author":1,"featured_media":0,"parent":0,"menu_order":0,"comment_status":"closed","ping_status":"closed","template":"","meta":{"ocean_post_layout":"","ocean_both_sidebars_style":"","ocean_both_sidebars_content_width":0,"ocean_both_sidebars_sidebars_width":0,"ocean_sidebar":"0","ocean_second_sidebar":"0","ocean_disable_margins":"enable","ocean_add_body_class":"","ocean_shortcode_before_top_bar":"","ocean_shortcode_after_top_bar":"","ocean_shortcode_before_header":"","ocean_shortcode_after_header":"","ocean_has_shortcode":"","ocean_shortcode_after_title":"","ocean_shortcode_before_footer_widgets":"","ocean_shortcode_after_footer_widgets":"","ocean_shortcode_before_footer_bottom":"","ocean_shortcode_after_footer_bottom":"","ocean_display_top_bar":"default","ocean_display_header":"default","ocean_header_style":"","ocean_center_header_left_menu":"0","ocean_custom_header_template":"0","ocean_custom_logo":0,"ocean_custom_retina_logo":0,"ocean_custom_logo_max_width":0,"ocean_custom_logo_tablet_max_width":0,"ocean_custom_logo_mobile_max_width":0,"ocean_custom_logo_max_height":0,"ocean_custom_logo_tablet_max_height":0,"ocean_custom_logo_mobile_max_height":0,"ocean_header_custom_menu":"0","ocean_menu_typo_font_family":"0","ocean_menu_typo_font_subset":"","ocean_menu_typo_font_size":0,"ocean_menu_typo_font_size_tablet":0,"ocean_menu_typo_font_size_mobile":0,"ocean_menu_typo_font_size_unit":"px","ocean_menu_typo_font_weight":"","ocean_menu_typo_font_weight_tablet":"","ocean_menu_typo_font_weight_mobile":"","ocean_menu_typo_transform":"","ocean_menu_typo_transform_tablet":"","ocean_menu_typo_transform_mobile":"","ocean_menu_typo_line_height":0,"ocean_menu_typo_line_height_tablet":0,"ocean_menu_typo_line_height_mobile":0,"ocean_menu_typo_line_height_unit":"","ocean_menu_typo_spacing":0,"ocean_menu_typo_spacing_tablet":0,"ocean_menu_typo_spacing_mobile":0,"ocean_menu_typo_spacing_unit":"","ocean_menu_link_color":"","ocean_menu_link_color_hover":"","ocean_menu_link_color_active":"","ocean_menu_link_background":"","ocean_menu_link_hover_background":"","ocean_menu_link_active_background":"","ocean_menu_social_links_bg":"","ocean_menu_social_hover_links_bg":"","ocean_menu_social_links_color":"","ocean_menu_social_hover_links_color":"","ocean_disable_title":"default","ocean_disable_heading":"default","ocean_post_title":"","ocean_post_subheading":"","ocean_post_title_style":"","ocean_post_title_background_color":"","ocean_post_title_background":0,"ocean_post_title_bg_image_position":"","ocean_post_title_bg_image_attachment":"","ocean_post_title_bg_image_repeat":"","ocean_post_title_bg_image_size":"","ocean_post_title_height":0,"ocean_post_title_bg_overlay":0.5,"ocean_post_title_bg_overlay_color":"","ocean_disable_breadcrumbs":"default","ocean_breadcrumbs_color":"","ocean_breadcrumbs_separator_color":"","ocean_breadcrumbs_links_color":"","ocean_breadcrumbs_links_hover_color":"","ocean_display_footer_widgets":"default","ocean_display_footer_bottom":"default","ocean_custom_footer_template":"0","footnotes":""},"class_list":["post-567","page","type-page","status-publish","hentry","entry"],"_links":{"self":[{"href":"https:\/\/portugueseappeal.com\/en\/wp-json\/wp\/v2\/pages\/567","targetHints":{"allow":["GET"]}}],"collection":[{"href":"https:\/\/portugueseappeal.com\/en\/wp-json\/wp\/v2\/pages"}],"about":[{"href":"https:\/\/portugueseappeal.com\/en\/wp-json\/wp\/v2\/types\/page"}],"author":[{"embeddable":true,"href":"https:\/\/portugueseappeal.com\/en\/wp-json\/wp\/v2\/users\/1"}],"replies":[{"embeddable":true,"href":"https:\/\/portugueseappeal.com\/en\/wp-json\/wp\/v2\/comments?post=567"}],"version-history":[{"count":0,"href":"https:\/\/portugueseappeal.com\/en\/wp-json\/wp\/v2\/pages\/567\/revisions"}],"wp:attachment":[{"href":"https:\/\/portugueseappeal.com\/en\/wp-json\/wp\/v2\/media?parent=567"}],"curies":[{"name":"wp","href":"https:\/\/api.w.org\/{rel}","templated":true}]}}